{"id":613,"date":"2025-07-31T14:10:55","date_gmt":"2025-07-31T18:10:55","guid":{"rendered":"https:\/\/chaletsrefuges.com\/?page_id=613"},"modified":"2025-07-31T14:10:55","modified_gmt":"2025-07-31T18:10:55","slug":"le-grand-chef-tipi","status":"publish","type":"page","link":"https:\/\/www.leschaletsdujolimont.com\/index.php\/le-grand-chef-tipi\/","title":{"rendered":"le grand chef (tipi)"},"content":{"rendered":"\n<figure class=\"wp-block-image size-large\"><img loading=\"lazy\" decoding=\"async\" width=\"1024\" height=\"461\" src=\"https:\/\/chaletsrefuges.com\/wp-content\/uploads\/2025\/07\/2021-09-19-13.25.44-1024x461.jpg\" alt=\"\" class=\"wp-image-619\" srcset=\"https:\/\/chaletsrefuges.com\/wp-content\/uploads\/2025\/07\/2021-09-19-13.25.44-1024x461.jpg 1024w, https:\/\/chaletsrefuges.com\/wp-content\/uploads\/2025\/07\/2021-09-19-13.25.44-300x135.jpg 300w, https:\/\/chaletsrefuges.com\/wp-content\/uploads\/2025\/07\/2021-09-19-13.25.44-150x68.jpg 150w, https:\/\/chaletsrefuges.com\/wp-content\/uploads\/2025\/07\/2021-09-19-13.25.44-768x346.jpg 768w, https:\/\/chaletsrefuges.com\/wp-content\/uploads\/2025\/07\/2021-09-19-13.25.44-1536x691.jpg 1536w, https:\/\/chaletsrefuges.com\/wp-content\/uploads\/2025\/07\/2021-09-19-13.25.44-676x304.jpg 676w, https:\/\/chaletsrefuges.com\/wp-content\/uploads\/2025\/07\/2021-09-19-13.25.44.jpg 2000w\" sizes=\"auto, (max-width: 1024px) 100vw, 1024px\" \/><\/figure>\n\n\n\n<figure class=\"wp-block-gallery has-nested-images columns-default is-cropped wp-block-gallery-1 is-layout-flex wp-block-gallery-is-layout-flex\">\n<figure class=\"wp-block-image size-large\"><img loading=\"lazy\" decoding=\"async\" width=\"1024\" height=\"576\" data-id=\"614\" src=\"https:\/\/chaletsrefuges.com\/wp-content\/uploads\/2025\/07\/2022-08-01-13.58.58-1024x576.jpg\" alt=\"\" class=\"wp-image-614\" srcset=\"https:\/\/chaletsrefuges.com\/wp-content\/uploads\/2025\/07\/2022-08-01-13.58.58-1024x576.jpg 1024w, https:\/\/chaletsrefuges.com\/wp-content\/uploads\/2025\/07\/2022-08-01-13.58.58-300x169.jpg 300w, https:\/\/chaletsrefuges.com\/wp-content\/uploads\/2025\/07\/2022-08-01-13.58.58-150x84.jpg 150w, https:\/\/chaletsrefuges.com\/wp-content\/uploads\/2025\/07\/2022-08-01-13.58.58-768x432.jpg 768w, https:\/\/chaletsrefuges.com\/wp-content\/uploads\/2025\/07\/2022-08-01-13.58.58-1536x864.jpg 1536w, https:\/\/chaletsrefuges.com\/wp-content\/uploads\/2025\/07\/2022-08-01-13.58.58-676x380.jpg 676w, https:\/\/chaletsrefuges.com\/wp-content\/uploads\/2025\/07\/2022-08-01-13.58.58.jpg 2000w\" sizes=\"auto, (max-width: 1024px) 100vw, 1024px\" \/><\/figure>\n\n\n\n<figure class=\"wp-block-image size-large\"><img loading=\"lazy\" decoding=\"async\" width=\"1024\" height=\"768\" data-id=\"616\" src=\"https:\/\/chaletsrefuges.com\/wp-content\/uploads\/2025\/07\/20210725_135142-1024x768.jpg\" alt=\"\" class=\"wp-image-616\" srcset=\"https:\/\/chaletsrefuges.com\/wp-content\/uploads\/2025\/07\/20210725_135142-1024x768.jpg 1024w, https:\/\/chaletsrefuges.com\/wp-content\/uploads\/2025\/07\/20210725_135142-300x225.jpg 300w, https:\/\/chaletsrefuges.com\/wp-content\/uploads\/2025\/07\/20210725_135142-150x113.jpg 150w, https:\/\/chaletsrefuges.com\/wp-content\/uploads\/2025\/07\/20210725_135142-768x576.jpg 768w, https:\/\/chaletsrefuges.com\/wp-content\/uploads\/2025\/07\/20210725_135142-1536x1152.jpg 1536w, https:\/\/chaletsrefuges.com\/wp-content\/uploads\/2025\/07\/20210725_135142-676x507.jpg 676w, https:\/\/chaletsrefuges.com\/wp-content\/uploads\/2025\/07\/20210725_135142.jpg 2000w\" sizes=\"auto, (max-width: 1024px) 100vw, 1024px\" \/><\/figure>\n\n\n\n<figure class=\"wp-block-image size-large\"><img loading=\"lazy\" decoding=\"async\" width=\"1024\" height=\"682\" data-id=\"620\" src=\"https:\/\/chaletsrefuges.com\/wp-content\/uploads\/2025\/07\/Chalets-du-jolimont-Juin-2022-14-1024x682.jpg\" alt=\"\" class=\"wp-image-620\" srcset=\"https:\/\/chaletsrefuges.com\/wp-content\/uploads\/2025\/07\/Chalets-du-jolimont-Juin-2022-14-1024x682.jpg 1024w, https:\/\/chaletsrefuges.com\/wp-content\/uploads\/2025\/07\/Chalets-du-jolimont-Juin-2022-14-300x200.jpg 300w, https:\/\/chaletsrefuges.com\/wp-content\/uploads\/2025\/07\/Chalets-du-jolimont-Juin-2022-14-150x100.jpg 150w, https:\/\/chaletsrefuges.com\/wp-content\/uploads\/2025\/07\/Chalets-du-jolimont-Juin-2022-14-768x512.jpg 768w, https:\/\/chaletsrefuges.com\/wp-content\/uploads\/2025\/07\/Chalets-du-jolimont-Juin-2022-14-1536x1024.jpg 1536w, https:\/\/chaletsrefuges.com\/wp-content\/uploads\/2025\/07\/Chalets-du-jolimont-Juin-2022-14-676x451.jpg 676w, https:\/\/chaletsrefuges.com\/wp-content\/uploads\/2025\/07\/Chalets-du-jolimont-Juin-2022-14.jpg 2000w\" sizes=\"auto, (max-width: 1024px) 100vw, 1024px\" \/><\/figure>\n\n\n\n<figure class=\"wp-block-image size-large\"><img loading=\"lazy\" decoding=\"async\" width=\"1024\" height=\"576\" data-id=\"617\" src=\"https:\/\/chaletsrefuges.com\/wp-content\/uploads\/2025\/07\/photo_tipi_hiver-1-1024x576.jpg\" alt=\"\" class=\"wp-image-617\" srcset=\"https:\/\/chaletsrefuges.com\/wp-content\/uploads\/2025\/07\/photo_tipi_hiver-1-1024x576.jpg 1024w, https:\/\/chaletsrefuges.com\/wp-content\/uploads\/2025\/07\/photo_tipi_hiver-1-300x169.jpg 300w, https:\/\/chaletsrefuges.com\/wp-content\/uploads\/2025\/07\/photo_tipi_hiver-1-150x84.jpg 150w, https:\/\/chaletsrefuges.com\/wp-content\/uploads\/2025\/07\/photo_tipi_hiver-1-768x432.jpg 768w, https:\/\/chaletsrefuges.com\/wp-content\/uploads\/2025\/07\/photo_tipi_hiver-1-1536x864.jpg 1536w, https:\/\/chaletsrefuges.com\/wp-content\/uploads\/2025\/07\/photo_tipi_hiver-1-676x380.jpg 676w, https:\/\/chaletsrefuges.com\/wp-content\/uploads\/2025\/07\/photo_tipi_hiver-1.jpg 2000w\" sizes=\"auto, (max-width: 1024px) 100vw, 1024px\" \/><\/figure>\n\n\n\n<figure class=\"wp-block-image size-large\"><img loading=\"lazy\" decoding=\"async\" width=\"1024\" height=\"768\" data-id=\"615\" src=\"https:\/\/chaletsrefuges.com\/wp-content\/uploads\/2025\/07\/20201213_132707-1024x768.jpg\" alt=\"\" class=\"wp-image-615\" srcset=\"https:\/\/chaletsrefuges.com\/wp-content\/uploads\/2025\/07\/20201213_132707-1024x768.jpg 1024w, https:\/\/chaletsrefuges.com\/wp-content\/uploads\/2025\/07\/20201213_132707-300x225.jpg 300w, https:\/\/chaletsrefuges.com\/wp-content\/uploads\/2025\/07\/20201213_132707-150x113.jpg 150w, https:\/\/chaletsrefuges.com\/wp-content\/uploads\/2025\/07\/20201213_132707-768x576.jpg 768w, https:\/\/chaletsrefuges.com\/wp-content\/uploads\/2025\/07\/20201213_132707-1536x1152.jpg 1536w, https:\/\/chaletsrefuges.com\/wp-content\/uploads\/2025\/07\/20201213_132707-676x507.jpg 676w, https:\/\/chaletsrefuges.com\/wp-content\/uploads\/2025\/07\/20201213_132707.jpg 2000w\" sizes=\"auto, (max-width: 1024px) 100vw, 1024px\" \/><\/figure>\n<\/figure>\n\n\n\n<figure class=\"wp-block-image size-large\"><img loading=\"lazy\" decoding=\"async\" width=\"1024\" height=\"575\" src=\"https:\/\/chaletsrefuges.com\/wp-content\/uploads\/2025\/07\/DSC00651-1024x575.jpg\" alt=\"\" class=\"wp-image-618\" srcset=\"https:\/\/chaletsrefuges.com\/wp-content\/uploads\/2025\/07\/DSC00651-1024x575.jpg 1024w, https:\/\/chaletsrefuges.com\/wp-content\/uploads\/2025\/07\/DSC00651-300x169.jpg 300w, https:\/\/chaletsrefuges.com\/wp-content\/uploads\/2025\/07\/DSC00651-150x84.jpg 150w, https:\/\/chaletsrefuges.com\/wp-content\/uploads\/2025\/07\/DSC00651-768x432.jpg 768w, https:\/\/chaletsrefuges.com\/wp-content\/uploads\/2025\/07\/DSC00651-1536x863.jpg 1536w, https:\/\/chaletsrefuges.com\/wp-content\/uploads\/2025\/07\/DSC00651-676x380.jpg 676w, https:\/\/chaletsrefuges.com\/wp-content\/uploads\/2025\/07\/DSC00651.jpg 2000w\" sizes=\"auto, (max-width: 1024px) 100vw, 1024px\" \/><\/figure>\n\n\n\n<p><strong>GRAND CHEF (TIPI)<br>Tipi (sans \u00e9lectricit\u00e9)<br>Situ\u00e9 sur le site des chalets du Jolimont (400 rang Jolimont)<\/strong><\/p>\n\n\n\n<ul class=\"wp-block-list\">\n<li>Accessible par un sentier en moins de 10 minutes de marche.<\/li>\n\n\n\n<li>Sans \u00e9lectricit\u00e9 ou eau courante<\/li>\n\n\n\n<li>Po\u00eale \u00e0 combustion lente, le bois est fourni<\/li>\n\n\n\n<li>40 L. d\u2019eau potable et \u00e9quipement de cuisine<\/li>\n\n\n\n<li>Toilette ext\u00e9rieure<\/li>\n\n\n\n<li>Barbecue, rond de feu et table ext\u00e9rieur.<\/li>\n\n\n\n<li>1 Divan-lit<\/li>\n\n\n\n<li>transport de bagage inclus<\/li>\n\n\n\n<li>Literie incluse mais vous devez apporter sleeping ou douillette<\/li>\n\n\n\n<li>bois pour foyer ext\u00e9rieur en extra (20$)<\/li>\n<\/ul>\n\n\n\n<h2 class=\"wp-block-heading\"><strong>COMMUNIQUEZ DIRECTEMENT AVEC <br>JEAN-FRANCOIS AU 450.883.2537<\/strong><\/h2>\n\n\n\n<p>Lien vers le BNB<br><a href=\"https:\/\/fr.airbnb.ca\/rooms\/47901024?source_impression_id=p3_1753975530_P33utGQDamm7wviX\" target=\"_blank\" rel=\"noreferrer noopener\">Sentier, lac et nature aux Grand Chef (tipi)<\/a><\/p>\n\n\n\n<p><\/p>\n","protected":false},"excerpt":{"rendered":"<p>GRAND CHEF (TIPI)Tipi (sans \u00e9lectricit\u00e9)Situ\u00e9 sur le site des chalets du Jolimont (400 rang Jolimont) COMMUNIQUEZ DIRECTEMENT AVEC JEAN-FRANCOIS AU 450.883.2537 Lien vers le BNBSentier, lac et nature aux Grand Chef (tipi)<\/p>\n","protected":false},"author":1,"featured_media":0,"parent":0,"menu_order":0,"comment_status":"closed","ping_status":"closed","template":"","meta":{"footnotes":""},"class_list":["post-613","page","type-page","status-publish","hentry","post-preview"],"_links":{"self":[{"href":"https:\/\/www.leschaletsdujolimont.com\/index.php\/wp-json\/wp\/v2\/pages\/613","targetHints":{"allow":["GET"]}}],"collection":[{"href":"https:\/\/www.leschaletsdujolimont.com\/index.php\/wp-json\/wp\/v2\/pages"}],"about":[{"href":"https:\/\/www.leschaletsdujolimont.com\/index.php\/wp-json\/wp\/v2\/types\/page"}],"author":[{"embeddable":true,"href":"https:\/\/www.leschaletsdujolimont.com\/index.php\/wp-json\/wp\/v2\/users\/1"}],"replies":[{"embeddable":true,"href":"https:\/\/www.leschaletsdujolimont.com\/index.php\/wp-json\/wp\/v2\/comments?post=613"}],"version-history":[{"count":1,"href":"https:\/\/www.leschaletsdujolimont.com\/index.php\/wp-json\/wp\/v2\/pages\/613\/revisions"}],"predecessor-version":[{"id":621,"href":"https:\/\/www.leschaletsdujolimont.com\/index.php\/wp-json\/wp\/v2\/pages\/613\/revisions\/621"}],"wp:attachment":[{"href":"https:\/\/www.leschaletsdujolimont.com\/index.php\/wp-json\/wp\/v2\/media?parent=613"}],"curies":[{"name":"wp","href":"https:\/\/api.w.org\/{rel}","templated":true}]}}